{"id":4574,"date":"2020-07-06T12:37:59","date_gmt":"2020-07-06T12:37:59","guid":{"rendered":"https:\/\/www.moneyonbooks.org\/servicios-de-hogares-grupales\/"},"modified":"2020-07-06T12:42:59","modified_gmt":"2020-07-06T12:42:59","slug":"servicios-de-hogares-grupales","status":"publish","type":"page","link":"https:\/\/www.moneyonbooks.org\/es\/servicios-de-hogares-grupales\/","title":{"rendered":"Servicios de Hogares Grupales"},"content":{"rendered":"<div class='one_half'>\n\t\t\t\t\t<img loading=\"lazy\" decoding=\"async\" class=\"alignleft size-full wp-image-1076\" src=\"https:\/\/www.moneyonbooks.org\/wp-content\/uploads\/2016\/09\/group-home-services.jpg\" alt=\"group home services\" width=\"400\" height=\"250\" \/>\n\t\t\t\t<\/div>\n<div class='one_half et_column_last'>\n\t\t\t\t\tEn Money on Books, reconocemos que la fortaleza y la resistencia de nuestros j\u00f3venes se miden mejor a trav\u00e9s de su creciente creencia en las posibilidades de su propia promesa.<\/p>\n<p>Los ni\u00f1os de hogares grupales que tienen un padre encarcelado pueden experimentar dificultades financieras como resultado de la p\u00e9rdida de los ingresos de ese padre. Adem\u00e1s, algunos padres encarcelados se enfrentan a la terminaci\u00f3n de sus derechos de padres porque sus ni\u00f1os de hogar grupal han estado en el sistema de cuidado de ni\u00f1os m\u00e1s all\u00e1 del tiempo permitido por la ley.\n\t\t\t\t<\/div><div class='clear'><\/div>\n<p>&nbsp;<\/p>\n<h2><span style=\"text-decoration: underline;\">R-Resilient Group Homes<\/span><\/h2>\n<p>Money on Books apoya R-resilient Group Homes, una organizaci\u00f3n sin fines de lucro, que es un centro residencial de tratamiento de abuso de sustancias para ni\u00f1os que ofrece capacitaci\u00f3n vocacional en las industrias el\u00e9ctrica, electr\u00f3nica y de electricistas. R-resilient Group Homes satisface las necesidades de los ni\u00f1os en riesgo, maltratados y delincuentes, entre las edades de 13 y 17. Nuestro enfoque principal es el abuso de drogas y alcohol, la salud mental y la modificaci\u00f3n del comportamiento. Adem\u00e1s, inspiramos a estos j\u00f3venes proporcion\u00e1ndoles las herramientas y el equipo necesarios para alcanzar la sobriedad y la inserci\u00f3n laboral.<\/p>\n<p>Creemos que el apoyo de la comunidad es vital para la recuperaci\u00f3n emocional de nuestros j\u00f3venes. Nuestro apoyo comunitario con frecuencia proviene de iglesias locales y clubes de apoyo, todos los cuales ayudan con las necesidades de tratamiento y las provisiones de equipo que no est\u00e1n cubiertas por las agencias gubernamentales.<\/p>\n<p>Nuestras casas estructuradas y acogedoras est\u00e1n ubicadas en todo Riverside, California. Nuestras amplias instalaciones recientemente renovadas de tres y cuatro habitaciones estar\u00e1n autorizadas con Licencia de Atenci\u00f3n Comunitaria, del Departamento de Apoyo Social, del Estado de California.<\/p>\n<p>Las donaciones de equipos el\u00e9ctricos, electr\u00f3nicos y\/o de electricista para apoyar nuestros talleres, as\u00ed como muebles, art\u00edculos para el hogar, equipos deportivos y apoyo financiero siempre son necesarios y muy apreciados.<\/p>\n<p>Money on Books est\u00e1 aqu\u00ed para satisfacer las necesidades de nuestros futuros j\u00f3venes, por lo tanto, apoyamos R-resilient Group Homes.<\/p>\n<p><strong><a href=\"http:\/\/www.r-resilientgrouphomes.com\/goals\/\" target=\"_blank\" rel=\"noopener noreferrer\">Visite la pagina de internet de R-Resilient Group Homes por mas detalles.\u00a0<\/a><\/strong><\/p>\n<p>&nbsp;<\/p>\n","protected":false},"excerpt":{"rendered":"<p>&nbsp; R-Resilient Group Homes Money on Books apoya R-resilient Group Homes, una organizaci\u00f3n sin fines de lucro, que es un centro residencial de tratamiento de abuso de sustancias para ni\u00f1os que ofrece capacitaci\u00f3n vocacional en las industrias el\u00e9ctrica, electr\u00f3nica y de electricistas. R-resilient Group Homes satisface las necesidades de los ni\u00f1os en riesgo, maltratados y [&hellip;]<\/p>\n","protected":false},"author":1,"featured_media":0,"parent":0,"menu_order":0,"comment_status":"closed","ping_status":"closed","template":"","meta":{"_et_pb_use_builder":"","_et_pb_old_content":"","_et_gb_content_width":"","footnotes":""},"class_list":["post-4574","page","type-page","status-publish","hentry"],"yoast_head":"<!-- This site is optimized with the Yoast SEO Premium plugin v14.8 - https:\/\/yoast.com\/wordpress\/plugins\/seo\/ -->\n<title>Servicios de Hogares Grupales - recursos de Money on Books<\/title>\n<meta name=\"description\" content=\"Informese acerca de Servicios de Hogares Grupales en Money on Books. Servicios de apoyo a presos disponibles para sus seres queridos encarcelados.\" \/>\n<meta name=\"robots\" content=\"index, follow\" \/>\n<meta name=\"googlebot\" content=\"index, follow, max-snippet:-1, max-image-preview:large, max-video-preview:-1\" \/>\n<meta name=\"bingbot\" content=\"index, follow, max-snippet:-1, max-image-preview:large, max-video-preview:-1\" \/>\n<link rel=\"canonical\" href=\"https:\/\/www.moneyonbooks.org\/es\/servicios-de-hogares-grupales\/\" \/>\n<meta property=\"og:locale\" content=\"es_ES\" \/>\n<meta property=\"og:type\" content=\"article\" \/>\n<meta property=\"og:title\" content=\"Servicios de Hogares Grupales - recursos de Money on Books\" \/>\n<meta property=\"og:description\" content=\"Informese acerca de Servicios de Hogares Grupales en Money on Books. Servicios de apoyo a presos disponibles para sus seres queridos encarcelados.\" \/>\n<meta property=\"og:url\" content=\"https:\/\/www.moneyonbooks.org\/es\/servicios-de-hogares-grupales\/\" \/>\n<meta property=\"og:site_name\" content=\"Money on Books | Non-Profit Organization and California Inmate Services\" \/>\n<meta property=\"article:publisher\" content=\"https:\/\/www.facebook.com\/Money-on-Books-830068523768665\/\" \/>\n<meta property=\"article:modified_time\" content=\"2020-07-06T12:42:59+00:00\" \/>\n<meta property=\"og:image\" content=\"https:\/\/www.moneyonbooks.org\/wp-content\/uploads\/2016\/09\/group-home-services.jpg\" \/>\n<meta name=\"twitter:card\" content=\"summary_large_image\" \/>\n<meta name=\"twitter:creator\" content=\"@moneyonbooks\" \/>\n<meta name=\"twitter:site\" content=\"@moneyonbooks\" \/>\n<script type=\"application\/ld+json\" class=\"yoast-schema-graph\">{\"@context\":\"https:\/\/schema.org\",\"@graph\":[{\"@type\":\"Organization\",\"@id\":\"https:\/\/www.moneyonbooks.org\/es\/#organization\",\"name\":\"Money on Books\",\"url\":\"https:\/\/www.moneyonbooks.org\/es\/\",\"sameAs\":[\"https:\/\/www.facebook.com\/Money-on-Books-830068523768665\/\",\"https:\/\/www.instagram.com\/moneyonbooks\/\",\"https:\/\/www.linkedin.com\/company\/money-on-books\",\"https:\/\/www.youtube.com\/c\/MoneyonbooksOrg\",\"https:\/\/www.pinterest.com\/moneyonbooks\/\",\"https:\/\/twitter.com\/moneyonbooks\"],\"logo\":{\"@type\":\"ImageObject\",\"@id\":\"https:\/\/www.moneyonbooks.org\/es\/#logo\",\"inLanguage\":\"es\",\"url\":\"https:\/\/www.moneyonbooks.org\/wp-content\/uploads\/2016\/01\/logo.png\",\"width\":625,\"height\":417,\"caption\":\"Money on Books\"},\"image\":{\"@id\":\"https:\/\/www.moneyonbooks.org\/es\/#logo\"}},{\"@type\":\"WebSite\",\"@id\":\"https:\/\/www.moneyonbooks.org\/es\/#website\",\"url\":\"https:\/\/www.moneyonbooks.org\/es\/\",\"name\":\"Money on Books | Non-Profit Organization and California Inmate Services\",\"description\":\"A New Way to Connect With Your Loved Ones\",\"publisher\":{\"@id\":\"https:\/\/www.moneyonbooks.org\/es\/#organization\"},\"potentialAction\":[{\"@type\":\"SearchAction\",\"target\":\"https:\/\/www.moneyonbooks.org\/es\/?s={search_term_string}\",\"query-input\":\"required name=search_term_string\"}],\"inLanguage\":\"es\"},{\"@type\":\"ImageObject\",\"@id\":\"https:\/\/www.moneyonbooks.org\/es\/servicios-de-hogares-grupales\/#primaryimage\",\"inLanguage\":\"es\",\"url\":\"https:\/\/www.moneyonbooks.org\/wp-content\/uploads\/2016\/09\/group-home-services.jpg\",\"width\":601,\"height\":400,\"caption\":\"Family\"},{\"@type\":\"WebPage\",\"@id\":\"https:\/\/www.moneyonbooks.org\/es\/servicios-de-hogares-grupales\/#webpage\",\"url\":\"https:\/\/www.moneyonbooks.org\/es\/servicios-de-hogares-grupales\/\",\"name\":\"Servicios de Hogares Grupales - recursos de Money on Books\",\"isPartOf\":{\"@id\":\"https:\/\/www.moneyonbooks.org\/es\/#website\"},\"primaryImageOfPage\":{\"@id\":\"https:\/\/www.moneyonbooks.org\/es\/servicios-de-hogares-grupales\/#primaryimage\"},\"datePublished\":\"2020-07-06T12:37:59+00:00\",\"dateModified\":\"2020-07-06T12:42:59+00:00\",\"description\":\"Informese acerca de Servicios de Hogares Grupales en Money on Books. Servicios de apoyo a presos disponibles para sus seres queridos encarcelados.\",\"breadcrumb\":{\"@id\":\"https:\/\/www.moneyonbooks.org\/es\/servicios-de-hogares-grupales\/#breadcrumb\"},\"inLanguage\":\"es\",\"potentialAction\":[{\"@type\":\"ReadAction\",\"target\":[\"https:\/\/www.moneyonbooks.org\/es\/servicios-de-hogares-grupales\/\"]}]},{\"@type\":\"BreadcrumbList\",\"@id\":\"https:\/\/www.moneyonbooks.org\/es\/servicios-de-hogares-grupales\/#breadcrumb\",\"itemListElement\":[{\"@type\":\"ListItem\",\"position\":1,\"item\":{\"@type\":\"WebPage\",\"@id\":\"https:\/\/www.moneyonbooks.org\/es\/\",\"url\":\"https:\/\/www.moneyonbooks.org\/es\/\",\"name\":\"Home\"}},{\"@type\":\"ListItem\",\"position\":2,\"item\":{\"@type\":\"WebPage\",\"@id\":\"https:\/\/www.moneyonbooks.org\/es\/servicios-de-hogares-grupales\/\",\"url\":\"https:\/\/www.moneyonbooks.org\/es\/servicios-de-hogares-grupales\/\",\"name\":\"Servicios de Hogares Grupales\"}}]}]}<\/script>\n<!-- \/ Yoast SEO Premium plugin. -->","_links":{"self":[{"href":"https:\/\/www.moneyonbooks.org\/es\/wp-json\/wp\/v2\/pages\/4574","targetHints":{"allow":["GET"]}}],"collection":[{"href":"https:\/\/www.moneyonbooks.org\/es\/wp-json\/wp\/v2\/pages"}],"about":[{"href":"https:\/\/www.moneyonbooks.org\/es\/wp-json\/wp\/v2\/types\/page"}],"author":[{"embeddable":true,"href":"https:\/\/www.moneyonbooks.org\/es\/wp-json\/wp\/v2\/users\/1"}],"replies":[{"embeddable":true,"href":"https:\/\/www.moneyonbooks.org\/es\/wp-json\/wp\/v2\/comments?post=4574"}],"version-history":[{"count":2,"href":"https:\/\/www.moneyonbooks.org\/es\/wp-json\/wp\/v2\/pages\/4574\/revisions"}],"predecessor-version":[{"id":4579,"href":"https:\/\/www.moneyonbooks.org\/es\/wp-json\/wp\/v2\/pages\/4574\/revisions\/4579"}],"wp:attachment":[{"href":"https:\/\/www.moneyonbooks.org\/es\/wp-json\/wp\/v2\/media?parent=4574"}],"curies":[{"name":"wp","href":"https:\/\/api.w.org\/{rel}","templated":true}]}}