{"id":4316,"date":"2020-06-28T16:36:53","date_gmt":"2020-06-28T16:36:53","guid":{"rendered":"https:\/\/www.moneyonbooks.org\/estampillas-de-correo-sin-usar\/"},"modified":"2020-07-02T02:19:34","modified_gmt":"2020-07-02T02:19:34","slug":"estampillas-de-correo","status":"publish","type":"page","link":"https:\/\/www.moneyonbooks.org\/es\/estampillas-de-correo\/","title":{"rendered":"Estampillas de Correo Sin Usar"},"content":{"rendered":"<blockquote><p>CONVIERTE TUS ESTAMPILLAS EN EFECTIVO<img loading=\"lazy\" decoding=\"async\" class=\"alignright wp-image-2138\" src=\"https:\/\/www.moneyonbooks.org\/wp-content\/uploads\/2019\/08\/img_forever_stamps.png\" alt=\"\" width=\"520\" height=\"350\" srcset=\"https:\/\/www.moneyonbooks.org\/wp-content\/uploads\/2019\/08\/img_forever_stamps.png 579w, https:\/\/www.moneyonbooks.org\/wp-content\/uploads\/2019\/08\/img_forever_stamps-300x202.png 300w\" sizes=\"(max-width: 520px) 100vw, 520px\" \/><\/p><\/blockquote>\n<ul>\n<li>Una Cuenta de Fideicomiso Money on Books ser\u00e1 establecida a nombre del preso.<\/li>\n<li>Money on Books ordenar\u00e1 Paquetes, Libors, Revistas, Tarjetas de Tiendas Prepagas, Tarjetas MoneyPak y m\u00e1s para Usted.<\/li>\n<\/ul>\n<hr \/>\n<h2>Lo que pagamos<\/h2>\n<h2><span style=\"color: #008000;\"><strong>Paquetes de 10 = $4.00<\/strong><\/span><br \/>\n<span style=\"color: #008000;\"><strong>Paquetes de 20 = $8.00<\/strong><\/span><\/h2>\n<p>Hoja(s) o paquete(s) <strong>completos<\/strong> solamente, de todas las estampillas &#8216;Forever&#8217;.<br \/>\n<em>**Precio es por estampilla en excelentes condiciones sin uso.<\/em><\/p>\n<p>&nbsp;<\/p>\n<p><span style=\"color: #ff0000;\">NO SE ACEPTARAN<\/span><br \/>\nHojas, Paquetes, rollos o estampillas <strong>Parciales o Dobladas<\/strong>\u2026 Impresas en computadoras o impresoras postales<br \/>\nAdquiridas a Precios Mayoristas, Precios de Organizaciones sin Fines de Lucro, o Precios Prefranqueo.<\/p>\n<p>&nbsp;<\/p>\n<p><span style=\"color: #ff0000;\">NO SEREMOS RESPONSABLES POR<\/span><br \/>\nEstampillas <strong>Perdidas\u00a0 No Entregadas<\/strong>.<\/p>\n<p>&nbsp;<\/p>\n<p><span style=\"color: #ff0000;\">NO ACEPTAREMOS<\/span><br \/>\nEstampillas <strong>Fraudulentas o Robadas<\/strong>. Cualquier estampilla fraudulenta o robada ser\u00e1n entregadas al Departamento de Inspectores del Servicio Postal de los Estados Unidos. Nos reservamos el derecho, sin aviso, de reportar lo que cre\u00e1mos que sean producto de un fraude o robo. Esas estampillas no ser\u00e1 retornadas.<\/p>\n<p>Money on Books acepta paquetes de 20 y 10 estampillas por compra. Money on Books abrir\u00e1 y acreditar\u00e1 en su <span style=\"text-decoration: underline;\"><strong>CUENTA DE FIDEICOMISO MONEY ON BOOKS<\/strong><\/span> al momento de recib\u00edr las estampillas, simpre que las estampillas se encuentren sin usar y en excelentes condiciones. Un recibo ser\u00e1 enviado por correo una vez recibidas las estampillas. $8.00 por paquetes de 20 y $4.00 por paquetes de 10. <span style=\"color: #0000ff;\">M\u00e1xima orden &#8211; 10 paquetes de estampillas por sobre (2 estampillas en el sobre).<\/span><\/p>\n<p>Mientras su <strong>CUENTA DE FIDEICOMISO MONEY ON BOOKS<\/strong> acumula dinero, Usted puede disponer de ellos enviando sus pedidos a Money on Books. Desde ordenar libros, revistas, paquetes y mas. Money on Books lo preparara por Usted. (Existe una tarifa de $10.00 por pedidos)<\/p>\n<p>&nbsp;<\/p>\n<h3>PREGUNTAS Y RESPUESTAS:<\/h3>\n<p>&nbsp;<\/p>\n<p><strong>1. Esta Money on Books familiarizado con JPay, Access, etc.?<\/strong><br \/>\nSi, Money on Books esta familiarizado con JPay, Access, etc.<\/p>\n<p>&nbsp;<\/p>\n<p><strong>2. Enviara Money on Books autom\u00e1ticamente cheques por correo a JPay, Access, etc. en mi nombre?<\/strong><br \/>\nMoney on Books <span style=\"text-decoration: underline;\">no enviar\u00e1<\/span> cheques a ninguno de ellos en su nombre. Money on Books depositar\u00e1 y mantendr\u00e1 los fondos en su cuenta de fideicomiso hasta que Usted de instrucciones a Money on Books de que hacer con los fondos. <span style=\"color: #ff0000;\">(Las instrucciones debe hacerse en un sobre separado.)<\/span><\/p>\n<p>Si Usted le d\u00e1 instrucciones a Money on Books de envi\u00e1r fondos a su instituci\u00f3n correccional, entonces Money on Books enviar\u00e1 los fondos electr\u00f3nicamente usando <span style=\"text-decoration: underline;\">Access, JPay, or USPS Money Order.<\/span> Si Usted d\u00e1 instrucciones de ordenar un paquete para Usted, solo envie un correo a Money on Books con su lista de productos para su paquete. (se aplica una tarifa de $10.00 por pedido)<\/p>\n<p>&nbsp;<\/p>\n<p><strong>3. Cuales el tiempo de procesamiento estimado desde que Money on Books recibe las estampillas, a tener los fondos disponibles en la cuenta de fideicomiso en la Instituci\u00f3n Correccional del preso?<\/strong><br \/>\nNormalmente toma 1 semana para procesar y acreditar su cuenta de fideicomiso de Money on Books. Esto es desde el momento que Money on Books recibe su sobre. <span style=\"color: #ff0000;\"><span style=\"text-decoration: underline;\">Money on Books no enviar\u00e1 los fondos a su cuenta en la Instituci\u00f3n Correccional.<\/span> El pedido debe hacerse en un sobre por separado.<\/span><\/p>\n<p>Por favor, saber que aunque Usted entrega el correo a la Instituci\u00f3n Correccional, el correo no siempre sale ese mismo d\u00eda. Las Instalaciones Correccionales inspeccionar\u00e1n el correo antes de enviarlo. Tambi\u00e9n debe tener en cuenta los dias feriados y fines de semana, en esos casos, es posible que no recibamos su sobre por 2 semanas.<\/p>\n<p>&nbsp;<\/p>\n<p><strong>4. Recibir\u00e1 Money on Books los paquetes de estampillas si el nombre de una persona y el n\u00famero de CDC han sido escritos en \u00e9l?<\/strong><br \/>\nSi, Money on Books aceptar\u00e1 esos paquetes.<\/p>\n<p>&nbsp;<\/p>\n<p><strong>5. Si Money on Books considera que las estampillas no son aceptables, devolver\u00e1 Money on Books las estampillas por correo?<\/strong><br \/>\nNo, Money on Books no enviar\u00e1 las estampillas por correo. &#8211; SASE o no, se necesita mucha mano de obra, tiempo y dinero. Adem\u00e1s, es su responsabilidad saber antes de enviar por correo, que el paquete de estampillas era inaceptable . <span style=\"color: #ff0000;\">Por favor, no utilize cinta adhesiva en las estampillas.<\/span><\/p>\n<p>&nbsp;<\/p>\n<p><em>Disclaimer: Money on Books, es us Organizaci\u00f3n sin Fines de Lucro de California y una organizaci\u00f3n 501c3 registrada ex\u00e9nta de impuestos. Money on Books esta registrada con la Fiscalia General del Estado de California bajo el registro de Fideicomisos Caricativos (CT0239266), que administra el programa de registro legal. Todas las donaciones son deducibles de impuestos en su totalidad o en parte. Todas las donaciones que Money on Books recibe se utilizan para Costos Operacionales (20%), para Servicios de Reclutamiento de Jovenes de la Comunidad (20%), para Servicios de Tutoria (20%), para Servicios de Trabajo para ex presos (20%), y para Servicios de Hogares Grupales (20%). Puede estar seguro que Money on Books esta organizada y opera exclusivamente para actividades ex\u00e9ntas establecidas bajo la secci\u00f3n 501c3 del codigo del Servicio Interno de Impuestos (IRS), y ninguno de sus ingresos resutlta en beneficio de ning\u00fan accionista privado o individual. Adem\u00e1s, Money on Books no es una organizaci\u00f3n activista, por ejemplo, Money on Books no har\u00e1 intentos de influenciar legislaci\u00f3n como una parte de su actividad y Money on Books no participar\u00e1 en campa\u00f1ias en favor o en contra de candidatos pol\u00edticos. Money on Books es una organizaci\u00f3n de ayuda a presos que prov\u00e9e soporte a presos y ni\u00f1os de presos.<\/em><\/p>\n<p><em>WWW.MONEYONBOOKS.ORG | 40335 WINCHESTER RD STE E523 * TEMECULA, CA 92591-5518 | (844) 662 6624<\/em><\/p>\n","protected":false},"excerpt":{"rendered":"<p>CONVIERTE TUS ESTAMPILLAS EN EFECTIVO Una Cuenta de Fideicomiso Money on Books ser\u00e1 establecida a nombre del preso. Money on Books ordenar\u00e1 Paquetes, Libors, Revistas, Tarjetas de Tiendas Prepagas, Tarjetas MoneyPak y m\u00e1s para Usted. Lo que pagamos Paquetes de 10 = $4.00 Paquetes de 20 = $8.00 Hoja(s) o paquete(s) completos solamente, de todas [&hellip;]<\/p>\n","protected":false},"author":1,"featured_media":0,"parent":0,"menu_order":0,"comment_status":"closed","ping_status":"closed","template":"","meta":{"_et_pb_use_builder":"","_et_pb_old_content":"","_et_gb_content_width":"","footnotes":""},"class_list":["post-4316","page","type-page","status-publish","hentry"],"yoast_head":"<!-- This site is optimized with the Yoast SEO Premium plugin v14.8 - https:\/\/yoast.com\/wordpress\/plugins\/seo\/ -->\n<title>Estampillas Sin Usar - Money on Books<\/title>\n<meta name=\"description\" content=\"Informese acerce Estampillas Sin Usar en Money on Books. Servicios de Ayuda a Presos disponibles para sus seres queridos encarcelados.\" \/>\n<meta name=\"robots\" content=\"index, follow\" \/>\n<meta name=\"googlebot\" content=\"index, follow, max-snippet:-1, max-image-preview:large, max-video-preview:-1\" \/>\n<meta name=\"bingbot\" content=\"index, follow, max-snippet:-1, max-image-preview:large, max-video-preview:-1\" \/>\n<link rel=\"canonical\" href=\"https:\/\/www.moneyonbooks.org\/es\/estampillas-de-correo\/\" \/>\n<meta property=\"og:locale\" content=\"es_ES\" \/>\n<meta property=\"og:type\" content=\"article\" \/>\n<meta property=\"og:title\" content=\"Estampillas Sin Usar - Money on Books\" \/>\n<meta property=\"og:description\" content=\"Informese acerce Estampillas Sin Usar en Money on Books. Servicios de Ayuda a Presos disponibles para sus seres queridos encarcelados.\" \/>\n<meta property=\"og:url\" content=\"https:\/\/www.moneyonbooks.org\/es\/estampillas-de-correo\/\" \/>\n<meta property=\"og:site_name\" content=\"Money on Books | Non-Profit Organization and California Inmate Services\" \/>\n<meta property=\"article:publisher\" content=\"https:\/\/www.facebook.com\/Money-on-Books-830068523768665\/\" \/>\n<meta property=\"article:modified_time\" content=\"2020-07-02T02:19:34+00:00\" \/>\n<meta property=\"og:image\" content=\"https:\/\/www.moneyonbooks.org\/wp-content\/uploads\/2019\/08\/img_forever_stamps.png\" \/>\n<meta name=\"twitter:card\" content=\"summary_large_image\" \/>\n<meta name=\"twitter:creator\" content=\"@moneyonbooks\" \/>\n<meta name=\"twitter:site\" content=\"@moneyonbooks\" \/>\n<script type=\"application\/ld+json\" class=\"yoast-schema-graph\">{\"@context\":\"https:\/\/schema.org\",\"@graph\":[{\"@type\":\"Organization\",\"@id\":\"https:\/\/www.moneyonbooks.org\/es\/#organization\",\"name\":\"Money on Books\",\"url\":\"https:\/\/www.moneyonbooks.org\/es\/\",\"sameAs\":[\"https:\/\/www.facebook.com\/Money-on-Books-830068523768665\/\",\"https:\/\/www.instagram.com\/moneyonbooks\/\",\"https:\/\/www.linkedin.com\/company\/money-on-books\",\"https:\/\/www.youtube.com\/c\/MoneyonbooksOrg\",\"https:\/\/www.pinterest.com\/moneyonbooks\/\",\"https:\/\/twitter.com\/moneyonbooks\"],\"logo\":{\"@type\":\"ImageObject\",\"@id\":\"https:\/\/www.moneyonbooks.org\/es\/#logo\",\"inLanguage\":\"es\",\"url\":\"https:\/\/www.moneyonbooks.org\/wp-content\/uploads\/2016\/01\/logo.png\",\"width\":625,\"height\":417,\"caption\":\"Money on Books\"},\"image\":{\"@id\":\"https:\/\/www.moneyonbooks.org\/es\/#logo\"}},{\"@type\":\"WebSite\",\"@id\":\"https:\/\/www.moneyonbooks.org\/es\/#website\",\"url\":\"https:\/\/www.moneyonbooks.org\/es\/\",\"name\":\"Money on Books | Non-Profit Organization and California Inmate Services\",\"description\":\"A New Way to Connect With Your Loved Ones\",\"publisher\":{\"@id\":\"https:\/\/www.moneyonbooks.org\/es\/#organization\"},\"potentialAction\":[{\"@type\":\"SearchAction\",\"target\":\"https:\/\/www.moneyonbooks.org\/es\/?s={search_term_string}\",\"query-input\":\"required name=search_term_string\"}],\"inLanguage\":\"es\"},{\"@type\":\"ImageObject\",\"@id\":\"https:\/\/www.moneyonbooks.org\/es\/estampillas-de-correo\/#primaryimage\",\"inLanguage\":\"es\",\"url\":\"https:\/\/www.moneyonbooks.org\/wp-content\/uploads\/2019\/08\/img_forever_stamps.png\",\"width\":579,\"height\":389},{\"@type\":\"WebPage\",\"@id\":\"https:\/\/www.moneyonbooks.org\/es\/estampillas-de-correo\/#webpage\",\"url\":\"https:\/\/www.moneyonbooks.org\/es\/estampillas-de-correo\/\",\"name\":\"Estampillas Sin Usar - Money on Books\",\"isPartOf\":{\"@id\":\"https:\/\/www.moneyonbooks.org\/es\/#website\"},\"primaryImageOfPage\":{\"@id\":\"https:\/\/www.moneyonbooks.org\/es\/estampillas-de-correo\/#primaryimage\"},\"datePublished\":\"2020-06-28T16:36:53+00:00\",\"dateModified\":\"2020-07-02T02:19:34+00:00\",\"description\":\"Informese acerce Estampillas Sin Usar en Money on Books. Servicios de Ayuda a Presos disponibles para sus seres queridos encarcelados.\",\"breadcrumb\":{\"@id\":\"https:\/\/www.moneyonbooks.org\/es\/estampillas-de-correo\/#breadcrumb\"},\"inLanguage\":\"es\",\"potentialAction\":[{\"@type\":\"ReadAction\",\"target\":[\"https:\/\/www.moneyonbooks.org\/es\/estampillas-de-correo\/\"]}]},{\"@type\":\"BreadcrumbList\",\"@id\":\"https:\/\/www.moneyonbooks.org\/es\/estampillas-de-correo\/#breadcrumb\",\"itemListElement\":[{\"@type\":\"ListItem\",\"position\":1,\"item\":{\"@type\":\"WebPage\",\"@id\":\"https:\/\/www.moneyonbooks.org\/es\/\",\"url\":\"https:\/\/www.moneyonbooks.org\/es\/\",\"name\":\"Home\"}},{\"@type\":\"ListItem\",\"position\":2,\"item\":{\"@type\":\"WebPage\",\"@id\":\"https:\/\/www.moneyonbooks.org\/es\/estampillas-de-correo\/\",\"url\":\"https:\/\/www.moneyonbooks.org\/es\/estampillas-de-correo\/\",\"name\":\"Estampillas de Correo Sin Usar\"}}]}]}<\/script>\n<!-- \/ Yoast SEO Premium plugin. -->","_links":{"self":[{"href":"https:\/\/www.moneyonbooks.org\/es\/wp-json\/wp\/v2\/pages\/4316","targetHints":{"allow":["GET"]}}],"collection":[{"href":"https:\/\/www.moneyonbooks.org\/es\/wp-json\/wp\/v2\/pages"}],"about":[{"href":"https:\/\/www.moneyonbooks.org\/es\/wp-json\/wp\/v2\/types\/page"}],"author":[{"embeddable":true,"href":"https:\/\/www.moneyonbooks.org\/es\/wp-json\/wp\/v2\/users\/1"}],"replies":[{"embeddable":true,"href":"https:\/\/www.moneyonbooks.org\/es\/wp-json\/wp\/v2\/comments?post=4316"}],"version-history":[{"count":3,"href":"https:\/\/www.moneyonbooks.org\/es\/wp-json\/wp\/v2\/pages\/4316\/revisions"}],"predecessor-version":[{"id":4322,"href":"https:\/\/www.moneyonbooks.org\/es\/wp-json\/wp\/v2\/pages\/4316\/revisions\/4322"}],"wp:attachment":[{"href":"https:\/\/www.moneyonbooks.org\/es\/wp-json\/wp\/v2\/media?parent=4316"}],"curies":[{"name":"wp","href":"https:\/\/api.w.org\/{rel}","templated":true}]}}