{"id":4164,"date":"2020-06-25T01:36:48","date_gmt":"2020-06-25T01:36:48","guid":{"rendered":"https:\/\/www.moneyonbooks.org\/cuenta-de-presos\/riverside-carcel-de-condado\/"},"modified":"2020-06-25T02:28:33","modified_gmt":"2020-06-25T02:28:33","slug":"riverside-carceles-de-condado","status":"publish","type":"page","link":"https:\/\/www.moneyonbooks.org\/es\/cuenta-de-presos\/riverside-carceles-de-condado\/","title":{"rendered":"Riverside &#8211; Carceles de Condado"},"content":{"rendered":"<style>.gray{display:inline-block;background:#d9dce0;background:-webkit-gradient(linear,left top,left bottom,from(#f4f3f3),to(#d9dce0));background: -moz-linear-gradient(top,  #f4f3f3,  #d9dce0);filter:  progid:DXImageTransform.Microsoft.gradient(startColorstr='#f4f3f3', endColorstr='#d9dce0');border: 1px solid #9C9C9C;box-shadow: 0 1px #FEFEFE inset;color: #434343;text-shadow: 1px 1px 0 #FFFFFF;-webkit-border-radius:2px;-moz-border-radius:2px;border-radius:2px;margin-top: 3px;padding: 7px 14px;cursor: pointer;font-family: arial;font-size:13px;}<\/style>&#13;\n<p><a class=\"gray\">Cuenta de Presos<\/a><\/p>&#13;\n\u00a0&#13;\n<img loading=\"lazy\" decoding=\"async\" src=\"https:\/\/www.moneyonbooks.org\/wp-content\/uploads\/2020\/01\/img_ccLogos.png\" height=\"15\" width=\"96\"\/>&#13;\n<p><strong>Riverside \u2013 Carcel de Condado<\/strong><\/p>&#13;\n&#13;\n<div class=\"wp-block-image\"><figure class=\"aligncenter\"><img loading=\"lazy\" decoding=\"async\" width=\"944\" height=\"275\" src=\"https:\/\/www.moneyonbooks.org\/wp-content\/uploads\/2017\/08\/riverside-county-jail-map.png\" alt=\"riverside county jail map\" class=\"wp-image-1573\" srcset=\"https:\/\/www.moneyonbooks.org\/wp-content\/uploads\/2017\/08\/riverside-county-jail-map.png 944w, https:\/\/www.moneyonbooks.org\/wp-content\/uploads\/2017\/08\/riverside-county-jail-map-300x87.png 300w, https:\/\/www.moneyonbooks.org\/wp-content\/uploads\/2017\/08\/riverside-county-jail-map-768x224.png 768w\" sizes=\"(max-width: 944px) 100vw, 944px\" \/><\/figure><\/div>&#13;\n&#13;\n<p>Money on Books prov\u00e9e dep\u00f3sitos seguros y protegidos usando Access Corrections, JPay, TouchPay o *USPS Money Orders.<\/p>&#13;\n&#13;\n<p>Todos los dep\u00f3sitos se procesan el siguiente d\u00eda h\u00e1bil (lunes a viernes de 9:00 AM a 5:00 PM PST, excepto d\u00edas feriados y fines de semana).<\/p>&#13;\n&#13;\n<p>Realizamos entregas a establecimientos correccionales <u>en persona<\/u>, por <u>correo<\/u>, o <u>electr\u00f3nicamente<\/u> (24 a 72 horas posteriores a la confirmaci\u00f3n que la transacci\u00f3n de tarjeta de cr\u00e9dito ha sido procesada).<\/p>&#13;\n&#13;\n<p><span style=\"color: #ff0000;\"><em>Algunos establecimientos correccionales solo aceptan Money Orders de USPS. Para esos establecimientos correccionales, por favor espere de 5 a 7 d\u00edas adicionales para la entrega y el procesamiento del correo por parte de los establecimientos correccionales.<\/em><\/span><\/p>&#13;\n&#13;\n<p>Cuando su familia se atraviesa momentos dif\u00edciles, tareas simples pueden resultar dif\u00edciles. Si tiene un ser querido que ha sido encarcelado, asegurarse de que tenga los fondos que necesita puede ser una de esas dificiles tareas. Env\u00ede dinero a un recluso de manera f\u00e1cil y sin estr\u00e9s con Money on books, nosotros nos ocuparemos de todas sus necesidades.<\/p>&#13;\n&#13;\n<p>Nuestra ingeniosa y \u00fatil compa\u00f1\u00eda brinda servicios de dep\u00f3sito para presos, para ayudar a nuestros clientes con esta tarea desalentadora durante un momento ya dif\u00edcil en sus vidas. Tener que lidiar con un ser querido fuera de casa es bastante dif\u00edcil. Saber que tienen dinero para mejorar su calidad de vida es una carga menos. Obtenga la ayuda que necesita con nuestros servicios practicos y compasivos.<\/p>&#13;\n&#13;\n<p><strong><u>Beneficios:<\/u><\/strong><\/p>&#13;\n&#13;\n<ol class=\"wp-block-list\"><li>El nombre del remitente del dinero se mantiene confidencial.<\/li><li>Aceptamos gran variedad de tarjetas de credito y debito.<\/li><li>No guadamos la informacion de la Tarjeta de Credito usada.<\/li><li>Rapidos y Seguros depositos en Establecimientos Correccionales.<\/li><li>Su dep\u00f3sito es destinado al apoyo para presos de Money on Books;<\/li><li>Cuando se registre con Money on Books, usted y su familia recibir\u00e1n ofertas exclusivas, descuentos y ofertas de Money on Books y de algunos de sus patrocinadores.<\/li><\/ol>&nbsp;\r\n<figure><img loading=\"lazy\" decoding=\"async\" class=\"aligncenter size-full wp-image-1571\" src=\"https:\/\/www.moneyonbooks.org\/wp-content\/uploads\/2017\/08\/deposits_mob_icon.png\" alt=\"Call Money on Books Icon\" width=\"100\" height=\"100\" \/><\/figure>\r\n<h2><strong>(844) 662-6624<\/strong><\/h2>\r\n&nbsp;\r\n\r\n<style>.gray{display:inline-block;background:#d9dce0;background:-webkit-gradient(linear,left top,left bottom,from(#f4f3f3),to(#d9dce0));background: -moz-linear-gradient(top,  #f4f3f3,  #d9dce0);filter:  progid:DXImageTransform.Microsoft.gradient(startColorstr='#f4f3f3', endColorstr='#d9dce0');border: 1px solid #9C9C9C;box-shadow: 0 1px #FEFEFE inset;color: #434343;text-shadow: 1px 1px 0 #FFFFFF;-webkit-border-radius:2px;-moz-border-radius:2px;border-radius:2px;margin-top: 3px;padding: 7px 14px;cursor: pointer;font-family: arial;font-size:13px;}<\/style>\r\n\r\n<a class=\"gray\">Cuenta de Presos<\/a>\r\n\r\n<img loading=\"lazy\" decoding=\"async\" src=\"https:\/\/www.moneyonbooks.org\/wp-content\/uploads\/2020\/01\/img_ccLogos.png\" width=\"96\" height=\"15\" \/>\r\n\r\n&nbsp;","protected":false},"excerpt":{"rendered":"<p>&#13; Cuenta de Presos &#13; \u00a0&#13; &#13; Riverside \u2013 Carcel de Condado &#13; &#13; Money on Books prov\u00e9e dep\u00f3sitos seguros y protegidos usando Access Corrections, JPay, TouchPay o *USPS Money Orders. &#13; &#13; Todos los dep\u00f3sitos se procesan el siguiente d\u00eda h\u00e1bil (lunes a viernes de 9:00 AM a 5:00 PM PST, excepto d\u00edas feriados [&hellip;]<\/p>\n","protected":false},"author":1,"featured_media":0,"parent":4046,"menu_order":0,"comment_status":"closed","ping_status":"closed","template":"","meta":{"_et_pb_use_builder":"","_et_pb_old_content":"","_et_gb_content_width":"","footnotes":""},"class_list":["post-4164","page","type-page","status-publish","hentry"],"yoast_head":"<!-- This site is optimized with the Yoast SEO Premium plugin v14.8 - https:\/\/yoast.com\/wordpress\/plugins\/seo\/ -->\n<title>Riverside Carceles de Condado - Hacer un Dep\u00f3sito seguro y confiable.<\/title>\n<meta name=\"description\" content=\"Riverside Carceles de Condado en Los Angeles Informaci\u00f3n de Presos. Haz un dep\u00f3sito seguro y confiable para sus seres queridos encarcelados a trav\u00e9z de Money on Books.\" \/>\n<meta name=\"robots\" content=\"index, follow\" \/>\n<meta name=\"googlebot\" content=\"index, follow, max-snippet:-1, max-image-preview:large, max-video-preview:-1\" \/>\n<meta name=\"bingbot\" content=\"index, follow, max-snippet:-1, max-image-preview:large, max-video-preview:-1\" \/>\n<link rel=\"canonical\" href=\"https:\/\/www.moneyonbooks.org\/es\/cuenta-de-presos\/riverside-carceles-de-condado\/\" \/>\n<meta property=\"og:locale\" content=\"es_ES\" \/>\n<meta property=\"og:type\" content=\"article\" \/>\n<meta property=\"og:title\" content=\"Riverside Carceles de Condado - Hacer un Dep\u00f3sito seguro y confiable.\" \/>\n<meta property=\"og:description\" content=\"Riverside Carceles de Condado en Los Angeles Informaci\u00f3n de Presos. Haz un dep\u00f3sito seguro y confiable para sus seres queridos encarcelados a trav\u00e9z de Money on Books.\" \/>\n<meta property=\"og:url\" content=\"https:\/\/www.moneyonbooks.org\/es\/cuenta-de-presos\/riverside-carceles-de-condado\/\" \/>\n<meta property=\"og:site_name\" content=\"Money on Books | Non-Profit Organization and California Inmate Services\" \/>\n<meta property=\"article:publisher\" content=\"https:\/\/www.facebook.com\/Money-on-Books-830068523768665\/\" \/>\n<meta property=\"article:modified_time\" content=\"2020-06-25T02:28:33+00:00\" \/>\n<meta property=\"og:image\" content=\"https:\/\/www.moneyonbooks.org\/wp-content\/uploads\/2020\/01\/img_ccLogos.png\" \/>\n<meta name=\"twitter:card\" content=\"summary_large_image\" \/>\n<meta name=\"twitter:creator\" content=\"@moneyonbooks\" \/>\n<meta name=\"twitter:site\" content=\"@moneyonbooks\" \/>\n<script type=\"application\/ld+json\" class=\"yoast-schema-graph\">{\"@context\":\"https:\/\/schema.org\",\"@graph\":[{\"@type\":\"Organization\",\"@id\":\"https:\/\/www.moneyonbooks.org\/es\/#organization\",\"name\":\"Money on Books\",\"url\":\"https:\/\/www.moneyonbooks.org\/es\/\",\"sameAs\":[\"https:\/\/www.facebook.com\/Money-on-Books-830068523768665\/\",\"https:\/\/www.instagram.com\/moneyonbooks\/\",\"https:\/\/www.linkedin.com\/company\/money-on-books\",\"https:\/\/www.youtube.com\/c\/MoneyonbooksOrg\",\"https:\/\/www.pinterest.com\/moneyonbooks\/\",\"https:\/\/twitter.com\/moneyonbooks\"],\"logo\":{\"@type\":\"ImageObject\",\"@id\":\"https:\/\/www.moneyonbooks.org\/es\/#logo\",\"inLanguage\":\"es\",\"url\":\"https:\/\/www.moneyonbooks.org\/wp-content\/uploads\/2016\/01\/logo.png\",\"width\":625,\"height\":417,\"caption\":\"Money on Books\"},\"image\":{\"@id\":\"https:\/\/www.moneyonbooks.org\/es\/#logo\"}},{\"@type\":\"WebSite\",\"@id\":\"https:\/\/www.moneyonbooks.org\/es\/#website\",\"url\":\"https:\/\/www.moneyonbooks.org\/es\/\",\"name\":\"Money on Books | Non-Profit Organization and California Inmate Services\",\"description\":\"A New Way to Connect With Your Loved Ones\",\"publisher\":{\"@id\":\"https:\/\/www.moneyonbooks.org\/es\/#organization\"},\"potentialAction\":[{\"@type\":\"SearchAction\",\"target\":\"https:\/\/www.moneyonbooks.org\/es\/?s={search_term_string}\",\"query-input\":\"required name=search_term_string\"}],\"inLanguage\":\"es\"},{\"@type\":\"ImageObject\",\"@id\":\"https:\/\/www.moneyonbooks.org\/es\/cuenta-de-presos\/riverside-carceles-de-condado\/#primaryimage\",\"inLanguage\":\"es\",\"url\":\"https:\/\/www.moneyonbooks.org\/wp-content\/uploads\/2020\/01\/img_ccLogos.png\",\"width\":415,\"height\":65},{\"@type\":\"WebPage\",\"@id\":\"https:\/\/www.moneyonbooks.org\/es\/cuenta-de-presos\/riverside-carceles-de-condado\/#webpage\",\"url\":\"https:\/\/www.moneyonbooks.org\/es\/cuenta-de-presos\/riverside-carceles-de-condado\/\",\"name\":\"Riverside Carceles de Condado - Hacer un Dep\\u00f3sito seguro y confiable.\",\"isPartOf\":{\"@id\":\"https:\/\/www.moneyonbooks.org\/es\/#website\"},\"primaryImageOfPage\":{\"@id\":\"https:\/\/www.moneyonbooks.org\/es\/cuenta-de-presos\/riverside-carceles-de-condado\/#primaryimage\"},\"datePublished\":\"2020-06-25T01:36:48+00:00\",\"dateModified\":\"2020-06-25T02:28:33+00:00\",\"description\":\"Riverside Carceles de Condado en Los Angeles Informaci\\u00f3n de Presos. Haz un dep\\u00f3sito seguro y confiable para sus seres queridos encarcelados a trav\\u00e9z de Money on Books.\",\"breadcrumb\":{\"@id\":\"https:\/\/www.moneyonbooks.org\/es\/cuenta-de-presos\/riverside-carceles-de-condado\/#breadcrumb\"},\"inLanguage\":\"es\",\"potentialAction\":[{\"@type\":\"ReadAction\",\"target\":[\"https:\/\/www.moneyonbooks.org\/es\/cuenta-de-presos\/riverside-carceles-de-condado\/\"]}]},{\"@type\":\"BreadcrumbList\",\"@id\":\"https:\/\/www.moneyonbooks.org\/es\/cuenta-de-presos\/riverside-carceles-de-condado\/#breadcrumb\",\"itemListElement\":[{\"@type\":\"ListItem\",\"position\":1,\"item\":{\"@type\":\"WebPage\",\"@id\":\"https:\/\/www.moneyonbooks.org\/es\/\",\"url\":\"https:\/\/www.moneyonbooks.org\/es\/\",\"name\":\"Home\"}},{\"@type\":\"ListItem\",\"position\":2,\"item\":{\"@type\":\"WebPage\",\"@id\":\"https:\/\/www.moneyonbooks.org\/es\/cuenta-de-presos\/\",\"url\":\"https:\/\/www.moneyonbooks.org\/es\/cuenta-de-presos\/\",\"name\":\"Cuenta de Presos\"}},{\"@type\":\"ListItem\",\"position\":3,\"item\":{\"@type\":\"WebPage\",\"@id\":\"https:\/\/www.moneyonbooks.org\/es\/cuenta-de-presos\/riverside-carceles-de-condado\/\",\"url\":\"https:\/\/www.moneyonbooks.org\/es\/cuenta-de-presos\/riverside-carceles-de-condado\/\",\"name\":\"Riverside &#8211; Carceles de Condado\"}}]}]}<\/script>\n<!-- \/ Yoast SEO Premium plugin. -->","_links":{"self":[{"href":"https:\/\/www.moneyonbooks.org\/es\/wp-json\/wp\/v2\/pages\/4164","targetHints":{"allow":["GET"]}}],"collection":[{"href":"https:\/\/www.moneyonbooks.org\/es\/wp-json\/wp\/v2\/pages"}],"about":[{"href":"https:\/\/www.moneyonbooks.org\/es\/wp-json\/wp\/v2\/types\/page"}],"author":[{"embeddable":true,"href":"https:\/\/www.moneyonbooks.org\/es\/wp-json\/wp\/v2\/users\/1"}],"replies":[{"embeddable":true,"href":"https:\/\/www.moneyonbooks.org\/es\/wp-json\/wp\/v2\/comments?post=4164"}],"version-history":[{"count":3,"href":"https:\/\/www.moneyonbooks.org\/es\/wp-json\/wp\/v2\/pages\/4164\/revisions"}],"predecessor-version":[{"id":4191,"href":"https:\/\/www.moneyonbooks.org\/es\/wp-json\/wp\/v2\/pages\/4164\/revisions\/4191"}],"up":[{"embeddable":true,"href":"https:\/\/www.moneyonbooks.org\/es\/wp-json\/wp\/v2\/pages\/4046"}],"wp:attachment":[{"href":"https:\/\/www.moneyonbooks.org\/es\/wp-json\/wp\/v2\/media?parent=4164"}],"curies":[{"name":"wp","href":"https:\/\/api.w.org\/{rel}","templated":true}]}}