{"id":4090,"date":"2020-06-24T03:53:35","date_gmt":"2020-06-24T03:53:35","guid":{"rendered":"https:\/\/www.moneyonbooks.org\/liderazgo\/"},"modified":"2020-06-24T16:08:05","modified_gmt":"2020-06-24T16:08:05","slug":"liderazgo","status":"publish","type":"page","link":"https:\/\/www.moneyonbooks.org\/es\/liderazgo\/","title":{"rendered":"Liderazgo"},"content":{"rendered":"<div id=\"attachment_4091\" style=\"width: 210px\" class=\"wp-caption alignleft\"><img loading=\"lazy\" decoding=\"async\" aria-describedby=\"caption-attachment-4091\" class=\"wp-image-748 size-full\" src=\"https:\/\/www.moneyonbooks.org\/wp-content\/uploads\/2018\/09\/img_leadership_placeholder.jpg\" alt=\"demetrius_eugene_mob\" width=\"200\" height=\"200\" \/><p id=\"caption-attachment-4091\" class=\"wp-caption-text\"><em>Demetrius Eugene<br \/>Vice Presidente Ejecutivo &amp; Director Financiero<\/em><\/p><\/div>\n<p><a id=\"DemetriusEugene\"><\/a><strong>Demetrius Eugene<\/strong> es responsable del liderazgo financiero y estrat\u00e9gico de Money on Books. Sus deberes son garantizar la buena gesti\u00f3n fiscal de la organizaci\u00f3n, asesorando a la alta gerencia y al Consejo de Administraci\u00f3n sobre los planes para lograr sus metas y objetivos a trav\u00e9s de un plan comercial de varios a\u00f1os. Adem\u00e1s, es responsable de la gesti\u00f3n de riesgos, la gesti\u00f3n de la tecnolog\u00eda y la gesti\u00f3n de las instalaciones.<\/p>\n<p>Antes de Money on Books, el Sr. Eugene trabaj\u00f3 para The Home Depot, para California&#8217;s Best Incorporation Service, el Departamento de Recursos de Agua del Estado de California, la Secretaria del Estado de California, el Departamento de Transporte del Estado de California y el Departamento de Servicios de Salud del Estado de California. El Sr. Eugene recibi\u00f3 su Licenciatura en Psicolog\u00eda de la Universidad Estatal de California, Los \u00c1ngeles, y su Licenciatura en Justicia Criminal de la Universidad Estatal de California, Los \u00c1ngeles. Adem\u00e1s, tambi\u00e9n tiene un t\u00edtulo de Asociado en Artes en Contabilidad de Los Angeles City College.<\/p>\n<p>Despu\u00e9s que un juez de California sentenci\u00f3 al Sr. Demetrius Eugene a una pena de prisi\u00f3n de 14 a\u00f1os en el Departamento de Correcciones de California, utiliz\u00f3 ese tiempo para luchar por su inocencia y se le otorg\u00f3 una revocaci\u00f3n! Esta experiencia le dio la idea de cofundar un grupo de apoyo como ning\u00fan otro! \u00abMoney on Books\u00bb, que desaf\u00eda el encarcelamiento masivo y la reincidencia reclutando y redirigiendo a aquellos que podr\u00edan ser v\u00edctimas de \u00e9l, al tiempo que brinda apoyo a los hijos, familiares y amistades de los presos. Lleva casado m\u00e1s de 15 a\u00f1os con dos hijas adultas y tres hijos adolescentes que residen con \u00e9l en California.<\/p>\n<div id=\"attachment_4093\" style=\"width: 210px\" class=\"wp-caption alignleft\"><img loading=\"lazy\" decoding=\"async\" aria-describedby=\"caption-attachment-4093\" class=\"wp-image-749 size-full\" src=\"https:\/\/www.moneyonbooks.org\/wp-content\/uploads\/2018\/09\/img_leadership_placeholder.jpg\" alt=\"paul_corswell_mob\" width=\"200\" height=\"200\" \/><p id=\"caption-attachment-4093\" class=\"wp-caption-text\"><em>Paul Corswell<br \/>Vice Presidente Ejecutivo &amp; Director de Operaciones<\/em><\/p><\/div>\n<p><a id=\"PaulCorswell\"><\/a><strong>Paul Corswell<\/strong> se desempe\u00f1a como Director de Operaciones de Money on Books. En esta capacidad, lidera el desarrollo de la estrategia general de la organizaci\u00f3n, as\u00ed como la innovaci\u00f3n y la alineaci\u00f3n en las principales \u00e1reas de la empresa. El Sr. Corswell forma parte del equipo de gesti\u00f3n ejecutiva de la organizaci\u00f3n, y ser\u00e1 responsable de la cartera filantr\u00f3pica de la organizaci\u00f3n y de su innovador programa pro bono y de un esfuerzo galardonado en la educaci\u00f3n juvenil de la comunidad.<\/p>\n<p>Antes de unirse a Money on Books, el Sr. Corswell fue motivado por una misi\u00f3n toda su vida, porque a los 23 a\u00f1os quer\u00eda marcar la diferencia en la vida de su hijo. Trabajar en Trader Joe&#8217;s parec\u00eda un callej\u00f3n sin salida. Aunque fue una excelente experiencia poder trabajar con personas de diferentes niveles sociales. El Sr. Corswell simplemente no se sinti\u00f3 satisfecho con ese trabajo, por lo que se inscribi\u00f3 en Moviola para tomar clases de fin de semana en video y pel\u00edcula.<\/p>\n<p>El Sr. Corswell tom\u00f3 una reducci\u00f3n salarial para trabajar como aprendiz en VDI Media, pero estaba decidido a aprender todos los aspectos de la postproducci\u00f3n. En un a\u00f1o, el Sr. Corswell estaba realizando la codificaci\u00f3n de V-Chip y Subt\u00edtulados en programas como Divorce Court.<\/p>\n<p>Al Sr. Corswell le ofrecieron un trabajo en Audio Plus Video, pero Liberty Media compr\u00f3 la compa\u00f1\u00eda, y se despidio a un grupo de empleados. Como el Sr. Corswell era tan conocedor y apasionado por el trabajo, su empleo se salv\u00f3 y fue transferido a su empresa matriz, Todd-AO Video Services, donde se convirti\u00f3 en Gerente de Operaciones.<\/p>\n<p>En cuesti\u00f3n de meses, el Sr. Corswell caus\u00f3 tal impresi\u00f3n en la industria de los medios que recibi\u00f3 una llamada de su antiguo jefe Carry Nance. El Sr. Nance encabezaba un nuevo departamento en NBC universal y quer\u00eda que el Sr. Corswell estuviera a bordo. El Sr. Corswell fue puesto a cargo de Law &amp; Order, The Office, Friday Night Lights, Community, Law &amp; Order: SVU Etc., y tambi\u00e9n trabaj\u00f3 en pel\u00edculas como 8mile, Ray, American Gangster y Smoking Ace&#8217;s, entre otras.<\/p>\n<p>La idea de cofundar Money on Books, un grupo de apoyo que desaf\u00eda el encarcelamiento masivo y la reincidencia, surgi\u00f3 debido a que el Sr. Corswell fue v\u00edctima de estas mismas dos injusticias sociales.<\/p>\n<p>Lleva casado m\u00e1s de 12 a\u00f1os con tres hijos.<\/p>\n","protected":false},"excerpt":{"rendered":"<p>Demetrius Eugene es responsable del liderazgo financiero y estrat\u00e9gico de Money on Books. Sus deberes son garantizar la buena gesti\u00f3n fiscal de la organizaci\u00f3n, asesorando a la alta gerencia y al Consejo de Administraci\u00f3n sobre los planes para lograr sus metas y objetivos a trav\u00e9s de un plan comercial de varios a\u00f1os. Adem\u00e1s, es responsable [&hellip;]<\/p>\n","protected":false},"author":1,"featured_media":0,"parent":0,"menu_order":0,"comment_status":"closed","ping_status":"closed","template":"","meta":{"_et_pb_use_builder":"","_et_pb_old_content":"","_et_gb_content_width":"","footnotes":""},"class_list":["post-4090","page","type-page","status-publish","hentry"],"yoast_head":"<!-- This site is optimized with the Yoast SEO Premium plugin v14.8 - https:\/\/yoast.com\/wordpress\/plugins\/seo\/ -->\n<title>Conozca Nuestros Lideres - Money on Books<\/title>\n<meta name=\"description\" content=\"Conozca sobre nuestros lideres en Money on Books. Servicios de apoyo para presos disponibles para sus seres queridos encarcelados.\" \/>\n<meta name=\"robots\" content=\"index, follow\" \/>\n<meta name=\"googlebot\" content=\"index, follow, max-snippet:-1, max-image-preview:large, max-video-preview:-1\" \/>\n<meta name=\"bingbot\" content=\"index, follow, max-snippet:-1, max-image-preview:large, max-video-preview:-1\" \/>\n<link rel=\"canonical\" href=\"https:\/\/www.moneyonbooks.org\/es\/liderazgo\/\" \/>\n<meta property=\"og:locale\" content=\"es_ES\" \/>\n<meta property=\"og:type\" content=\"article\" \/>\n<meta property=\"og:title\" content=\"Conozca Nuestros Lideres - Money on Books\" \/>\n<meta property=\"og:description\" content=\"Conozca sobre nuestros lideres en Money on Books. Servicios de apoyo para presos disponibles para sus seres queridos encarcelados.\" \/>\n<meta property=\"og:url\" content=\"https:\/\/www.moneyonbooks.org\/es\/liderazgo\/\" \/>\n<meta property=\"og:site_name\" content=\"Money on Books | Non-Profit Organization and California Inmate Services\" \/>\n<meta property=\"article:publisher\" content=\"https:\/\/www.facebook.com\/Money-on-Books-830068523768665\/\" \/>\n<meta property=\"article:modified_time\" content=\"2020-06-24T16:08:05+00:00\" \/>\n<meta property=\"og:image\" content=\"https:\/\/www.moneyonbooks.org\/wp-content\/uploads\/2018\/09\/img_leadership_placeholder.jpg\" \/>\n<meta name=\"twitter:card\" content=\"summary_large_image\" \/>\n<meta name=\"twitter:creator\" content=\"@moneyonbooks\" \/>\n<meta name=\"twitter:site\" content=\"@moneyonbooks\" \/>\n<script type=\"application\/ld+json\" class=\"yoast-schema-graph\">{\"@context\":\"https:\/\/schema.org\",\"@graph\":[{\"@type\":\"Organization\",\"@id\":\"https:\/\/www.moneyonbooks.org\/es\/#organization\",\"name\":\"Money on Books\",\"url\":\"https:\/\/www.moneyonbooks.org\/es\/\",\"sameAs\":[\"https:\/\/www.facebook.com\/Money-on-Books-830068523768665\/\",\"https:\/\/www.instagram.com\/moneyonbooks\/\",\"https:\/\/www.linkedin.com\/company\/money-on-books\",\"https:\/\/www.youtube.com\/c\/MoneyonbooksOrg\",\"https:\/\/www.pinterest.com\/moneyonbooks\/\",\"https:\/\/twitter.com\/moneyonbooks\"],\"logo\":{\"@type\":\"ImageObject\",\"@id\":\"https:\/\/www.moneyonbooks.org\/es\/#logo\",\"inLanguage\":\"es\",\"url\":\"https:\/\/www.moneyonbooks.org\/wp-content\/uploads\/2016\/01\/logo.png\",\"width\":625,\"height\":417,\"caption\":\"Money on Books\"},\"image\":{\"@id\":\"https:\/\/www.moneyonbooks.org\/es\/#logo\"}},{\"@type\":\"WebSite\",\"@id\":\"https:\/\/www.moneyonbooks.org\/es\/#website\",\"url\":\"https:\/\/www.moneyonbooks.org\/es\/\",\"name\":\"Money on Books | Non-Profit Organization and California Inmate Services\",\"description\":\"A New Way to Connect With Your Loved Ones\",\"publisher\":{\"@id\":\"https:\/\/www.moneyonbooks.org\/es\/#organization\"},\"potentialAction\":[{\"@type\":\"SearchAction\",\"target\":\"https:\/\/www.moneyonbooks.org\/es\/?s={search_term_string}\",\"query-input\":\"required name=search_term_string\"}],\"inLanguage\":\"es\"},{\"@type\":\"ImageObject\",\"@id\":\"https:\/\/www.moneyonbooks.org\/es\/liderazgo\/#primaryimage\",\"inLanguage\":\"es\",\"url\":\"https:\/\/www.moneyonbooks.org\/wp-content\/uploads\/2018\/09\/img_leadership_placeholder.jpg\",\"width\":200,\"height\":200},{\"@type\":\"WebPage\",\"@id\":\"https:\/\/www.moneyonbooks.org\/es\/liderazgo\/#webpage\",\"url\":\"https:\/\/www.moneyonbooks.org\/es\/liderazgo\/\",\"name\":\"Conozca Nuestros Lideres - Money on Books\",\"isPartOf\":{\"@id\":\"https:\/\/www.moneyonbooks.org\/es\/#website\"},\"primaryImageOfPage\":{\"@id\":\"https:\/\/www.moneyonbooks.org\/es\/liderazgo\/#primaryimage\"},\"datePublished\":\"2020-06-24T03:53:35+00:00\",\"dateModified\":\"2020-06-24T16:08:05+00:00\",\"description\":\"Conozca sobre nuestros lideres en Money on Books. Servicios de apoyo para presos disponibles para sus seres queridos encarcelados.\",\"breadcrumb\":{\"@id\":\"https:\/\/www.moneyonbooks.org\/es\/liderazgo\/#breadcrumb\"},\"inLanguage\":\"es\",\"potentialAction\":[{\"@type\":\"ReadAction\",\"target\":[\"https:\/\/www.moneyonbooks.org\/es\/liderazgo\/\"]}]},{\"@type\":\"BreadcrumbList\",\"@id\":\"https:\/\/www.moneyonbooks.org\/es\/liderazgo\/#breadcrumb\",\"itemListElement\":[{\"@type\":\"ListItem\",\"position\":1,\"item\":{\"@type\":\"WebPage\",\"@id\":\"https:\/\/www.moneyonbooks.org\/es\/\",\"url\":\"https:\/\/www.moneyonbooks.org\/es\/\",\"name\":\"Home\"}},{\"@type\":\"ListItem\",\"position\":2,\"item\":{\"@type\":\"WebPage\",\"@id\":\"https:\/\/www.moneyonbooks.org\/es\/liderazgo\/\",\"url\":\"https:\/\/www.moneyonbooks.org\/es\/liderazgo\/\",\"name\":\"Liderazgo\"}}]}]}<\/script>\n<!-- \/ Yoast SEO Premium plugin. -->","_links":{"self":[{"href":"https:\/\/www.moneyonbooks.org\/es\/wp-json\/wp\/v2\/pages\/4090","targetHints":{"allow":["GET"]}}],"collection":[{"href":"https:\/\/www.moneyonbooks.org\/es\/wp-json\/wp\/v2\/pages"}],"about":[{"href":"https:\/\/www.moneyonbooks.org\/es\/wp-json\/wp\/v2\/types\/page"}],"author":[{"embeddable":true,"href":"https:\/\/www.moneyonbooks.org\/es\/wp-json\/wp\/v2\/users\/1"}],"replies":[{"embeddable":true,"href":"https:\/\/www.moneyonbooks.org\/es\/wp-json\/wp\/v2\/comments?post=4090"}],"version-history":[{"count":1,"href":"https:\/\/www.moneyonbooks.org\/es\/wp-json\/wp\/v2\/pages\/4090\/revisions"}],"predecessor-version":[{"id":4104,"href":"https:\/\/www.moneyonbooks.org\/es\/wp-json\/wp\/v2\/pages\/4090\/revisions\/4104"}],"wp:attachment":[{"href":"https:\/\/www.moneyonbooks.org\/es\/wp-json\/wp\/v2\/media?parent=4090"}],"curies":[{"name":"wp","href":"https:\/\/api.w.org\/{rel}","templated":true}]}}